{"id":211,"date":"2026-04-15T09:02:18","date_gmt":"2026-04-15T09:02:18","guid":{"rendered":"https:\/\/provideseu.com\/?page_id=211"},"modified":"2026-04-17T07:37:19","modified_gmt":"2026-04-17T07:37:19","slug":"imprint","status":"publish","type":"page","link":"https:\/\/provideseu.com\/de\/imprint\/","title":{"rendered":"Impressum"},"content":{"rendered":"<div data-elementor-type=\"wp-page\" data-elementor-id=\"211\" class=\"elementor elementor-211\" data-elementor-post-type=\"page\">\n\t\t\t\t\t\t<section class=\"elementor-section elementor-top-section elementor-element elementor-element-2a944d8 elementor-section-full_width elementor-section-height-default elementor-section-height-default\" data-id=\"2a944d8\" data-element_type=\"section\" data-e-type=\"section\">\n\t\t\t\t\t\t<div class=\"elementor-container elementor-column-gap-default\">\n\t\t\t\t\t<div class=\"elementor-column elementor-col-100 elementor-top-column elementor-element elementor-element-bfca117\" data-id=\"bfca117\" data-element_type=\"column\" data-e-type=\"column\">\n\t\t\t<div class=\"elementor-widget-wrap elementor-element-populated\">\n\t\t\t\t\t\t<section class=\"elementor-section elementor-inner-section elementor-element elementor-element-e6c70d5 elementor-section-boxed elementor-section-height-default elementor-section-height-default\" data-id=\"e6c70d5\" data-element_type=\"section\" data-e-type=\"section\">\n\t\t\t\t\t\t<div class=\"elementor-container elementor-column-gap-default\">\n\t\t\t\t\t<div class=\"elementor-column elementor-col-33 elementor-inner-column elementor-element elementor-element-df584c7\" data-id=\"df584c7\" data-element_type=\"column\" data-e-type=\"column\">\n\t\t\t<div class=\"elementor-widget-wrap\">\n\t\t\t\t\t\t\t<\/div>\n\t\t<\/div>\n\t\t\t\t<div class=\"elementor-column elementor-col-33 elementor-inner-column elementor-element elementor-element-de06cdb\" data-id=\"de06cdb\" data-element_type=\"column\" data-e-type=\"column\">\n\t\t\t<div class=\"elementor-widget-wrap elementor-element-populated\">\n\t\t\t\t\t\t<div class=\"elementor-element elementor-element-9cd71e4 elementor-widget elementor-widget-heading\" data-id=\"9cd71e4\" data-element_type=\"widget\" data-e-type=\"widget\" data-widget_type=\"heading.default\">\n\t\t\t\t\t<h2 class=\"elementor-heading-title elementor-size-default\">Impressum<\/h2>\t\t\t\t<\/div>\n\t\t\t\t\t<\/div>\n\t\t<\/div>\n\t\t\t\t<div class=\"elementor-column elementor-col-33 elementor-inner-column elementor-element elementor-element-5b3a873\" data-id=\"5b3a873\" data-element_type=\"column\" data-e-type=\"column\">\n\t\t\t<div class=\"elementor-widget-wrap\">\n\t\t\t\t\t\t\t<\/div>\n\t\t<\/div>\n\t\t\t\t\t<\/div>\n\t\t<\/section>\n\t\t\t\t<section class=\"elementor-section elementor-inner-section elementor-element elementor-element-8def91e elementor-section-boxed elementor-section-height-default elementor-section-height-default\" data-id=\"8def91e\" data-element_type=\"section\" data-e-type=\"section\">\n\t\t\t\t\t\t<div class=\"elementor-container elementor-column-gap-default\">\n\t\t\t\t\t<div class=\"elementor-column elementor-col-33 elementor-inner-column elementor-element elementor-element-f0ad678\" data-id=\"f0ad678\" data-element_type=\"column\" data-e-type=\"column\">\n\t\t\t<div class=\"elementor-widget-wrap\">\n\t\t\t\t\t\t\t<\/div>\n\t\t<\/div>\n\t\t\t\t<div class=\"elementor-column elementor-col-33 elementor-inner-column elementor-element elementor-element-17814a5\" data-id=\"17814a5\" data-element_type=\"column\" data-e-type=\"column\">\n\t\t\t<div class=\"elementor-widget-wrap elementor-element-populated\">\n\t\t\t\t\t\t<div class=\"elementor-element elementor-element-5f7f935 elementor-widget elementor-widget-text-editor\" data-id=\"5f7f935\" data-element_type=\"widget\" data-e-type=\"widget\" data-widget_type=\"text-editor.default\">\n\t\t\t\t\t\t\t\t\t<div class=\"legal-section\" style=\"font-family: sans-serif; line-height: 1.6; color: #000; background: #fff; padding: 20px;\"><p><strong>Angaben gem\u00e4\u00df \u00a7 5 TMG:<\/strong><\/p><p><strong>Sonja Krautmacher<\/strong><br \/>B\u00f6ckingstr. 18,<br \/>51063 Cologne,<br \/>Germany<\/p><p><strong>Kontakt:<\/strong><\/p><p>Email: <a style=\"color: #000;\" href=\"mailto:info@provideseu.com\">info@provideseu.com<\/a><br \/>Website: <a style=\"color: #000;\" href=\"https:\/\/provides.com\">www.provides.com<\/a><\/p><p><strong>VAT:<\/strong><br \/>DE404850678<\/p><hr style=\"border: 0; border-top: 1px solid #eee; margin: 20px 0;\" \/><p><strong>Verantwortlich f\u00fcr den Inhalt nach \u00a7 18 Abs. 2 MStV:<\/strong><\/p><p>Sonja Krautmacher (Anschrift wie oben)<\/p><p><strong>Streitbeilegung:<\/strong><\/p><p class=\"translation-block\">Die Europ\u00e4ische Kommission stellt eine Plattform zur Online-Streitbeilegung (OS) bereit: <a style=\"color: #000\" href=\"https:\/\/ec.europa.eu\/consumers\/odr\" target=\"_blank\" rel=\"noopener\">https:\/\/ec.europa.eu\/consumers\/odr<\/a>.\n\n\nWir sind nicht bereit oder verpflichtet, an Streitbeilegungsverfahren vor einer Verbraucherschlichtungsstelle teilzunehmen.<\/p><p><strong>Haftung f\u00fcr Inhalte:<\/strong><\/p><p>Als Diensteanbieter sind wir gem\u00e4\u00df \u00a7 7 Abs. 1 TMG f\u00fcr eigene Inhalte auf diesen Seiten nach den allgemeinen Gesetzen verantwortlich. Nach \u00a7\u00a7 8 bis 10 TMG sind wir als Diensteanbieter jedoch nicht verpflichtet, \u00fcbermittelte oder gespeicherte fremde Informationen zu \u00fcberwachen oder nach Umst\u00e4nden zu forschen, die auf eine rechtswidrige T\u00e4tigkeit hinweisen.<\/p><p><strong>Urheberrecht:<\/strong><\/p><p>Die durch die Seitenbetreiber erstellten Inhalte und Werke auf diesen Seiten unterliegen dem deutschen Urheberrecht. Die Vervielf\u00e4ltigung, Bearbeitung, Verbreitung und jede Art der Verwertung au\u00dferhalb der Grenzen des Urheberrechtes bed\u00fcrfen der schriftlichen Zustimmung des jeweiligen Autors bzw. Erstellers.<\/p><\/div>\t\t\t\t\t\t\t\t<\/div>\n\t\t\t\t\t<\/div>\n\t\t<\/div>\n\t\t\t\t<div class=\"elementor-column elementor-col-33 elementor-inner-column elementor-element elementor-element-b4ea80d\" data-id=\"b4ea80d\" data-element_type=\"column\" data-e-type=\"column\">\n\t\t\t<div class=\"elementor-widget-wrap\">\n\t\t\t\t\t\t\t<\/div>\n\t\t<\/div>\n\t\t\t\t\t<\/div>\n\t\t<\/section>\n\t\t\t\t\t<\/div>\n\t\t<\/div>\n\t\t\t\t\t<\/div>\n\t\t<\/section>\n\t\t\t\t<\/div>","protected":false},"excerpt":{"rendered":"<p>Imprint Information according to \u00a7 5 TMG: Sonja KrautmacherB\u00f6ckingstr. 18,51063 Cologne,Germany Contact: Email: info@provideseu.comWebsite: www.provides.com VAT:DE404850678 Person responsible for content according to \u00a7 18 Abs. 2 MStV: Sonja Krautmacher (Address as above) Dispute Resolution: The European Commission provides a platform for online dispute resolution (OS): https:\/\/ec.europa.eu\/consumers\/odr.We are not willing or obliged to participate in dispute [&hellip;]<\/p>\n","protected":false},"author":1,"featured_media":0,"parent":0,"menu_order":0,"comment_status":"closed","ping_status":"closed","template":"elementor_header_footer","meta":{"footnotes":""},"class_list":["post-211","page","type-page","status-publish","hentry"],"_links":{"self":[{"href":"https:\/\/provideseu.com\/de\/wp-json\/wp\/v2\/pages\/211","targetHints":{"allow":["GET"]}}],"collection":[{"href":"https:\/\/provideseu.com\/de\/wp-json\/wp\/v2\/pages"}],"about":[{"href":"https:\/\/provideseu.com\/de\/wp-json\/wp\/v2\/types\/page"}],"author":[{"embeddable":true,"href":"https:\/\/provideseu.com\/de\/wp-json\/wp\/v2\/users\/1"}],"replies":[{"embeddable":true,"href":"https:\/\/provideseu.com\/de\/wp-json\/wp\/v2\/comments?post=211"}],"version-history":[{"count":22,"href":"https:\/\/provideseu.com\/de\/wp-json\/wp\/v2\/pages\/211\/revisions"}],"predecessor-version":[{"id":349,"href":"https:\/\/provideseu.com\/de\/wp-json\/wp\/v2\/pages\/211\/revisions\/349"}],"wp:attachment":[{"href":"https:\/\/provideseu.com\/de\/wp-json\/wp\/v2\/media?parent=211"}],"curies":[{"name":"wp","href":"https:\/\/api.w.org\/{rel}","templated":true}]}}