{"id":341,"date":"2026-04-17T07:30:20","date_gmt":"2026-04-17T07:30:20","guid":{"rendered":"https:\/\/provideseu.com\/?page_id=341"},"modified":"2026-04-17T08:49:23","modified_gmt":"2026-04-17T08:49:23","slug":"terms-of-use","status":"publish","type":"page","link":"https:\/\/provideseu.com\/de\/terms-of-use\/","title":{"rendered":"Nutzungsbedingungen"},"content":{"rendered":"<div data-elementor-type=\"wp-page\" data-elementor-id=\"341\" class=\"elementor elementor-341\" data-elementor-post-type=\"page\">\n\t\t\t\t\t\t<section class=\"elementor-section elementor-top-section elementor-element elementor-element-b01bd82 elementor-section-full_width elementor-section-height-default elementor-section-height-default\" data-id=\"b01bd82\" data-element_type=\"section\" data-e-type=\"section\">\n\t\t\t\t\t\t<div class=\"elementor-container elementor-column-gap-default\">\n\t\t\t\t\t<div class=\"elementor-column elementor-col-100 elementor-top-column elementor-element elementor-element-7d0c3db\" data-id=\"7d0c3db\" data-element_type=\"column\" data-e-type=\"column\">\n\t\t\t<div class=\"elementor-widget-wrap elementor-element-populated\">\n\t\t\t\t\t\t<section class=\"elementor-section elementor-inner-section elementor-element elementor-element-c827601 elementor-section-boxed elementor-section-height-default elementor-section-height-default\" data-id=\"c827601\" data-element_type=\"section\" data-e-type=\"section\">\n\t\t\t\t\t\t<div class=\"elementor-container elementor-column-gap-default\">\n\t\t\t\t\t<div class=\"elementor-column elementor-col-33 elementor-inner-column elementor-element elementor-element-87c1448\" data-id=\"87c1448\" data-element_type=\"column\" data-e-type=\"column\">\n\t\t\t<div class=\"elementor-widget-wrap\">\n\t\t\t\t\t\t\t<\/div>\n\t\t<\/div>\n\t\t\t\t<div class=\"elementor-column elementor-col-33 elementor-inner-column elementor-element elementor-element-fec3e78\" data-id=\"fec3e78\" data-element_type=\"column\" data-e-type=\"column\">\n\t\t\t<div class=\"elementor-widget-wrap elementor-element-populated\">\n\t\t\t\t\t\t<div class=\"elementor-element elementor-element-7ceacdf elementor-widget elementor-widget-heading\" data-id=\"7ceacdf\" data-element_type=\"widget\" data-e-type=\"widget\" data-widget_type=\"heading.default\">\n\t\t\t\t\t<h2 class=\"elementor-heading-title elementor-size-default\">Nutzungsbedingungen<\/h2>\t\t\t\t<\/div>\n\t\t\t\t\t<\/div>\n\t\t<\/div>\n\t\t\t\t<div class=\"elementor-column elementor-col-33 elementor-inner-column elementor-element elementor-element-7f63000\" data-id=\"7f63000\" data-element_type=\"column\" data-e-type=\"column\">\n\t\t\t<div class=\"elementor-widget-wrap\">\n\t\t\t\t\t\t\t<\/div>\n\t\t<\/div>\n\t\t\t\t\t<\/div>\n\t\t<\/section>\n\t\t\t\t<section class=\"elementor-section elementor-inner-section elementor-element elementor-element-8ba50ae elementor-section-boxed elementor-section-height-default elementor-section-height-default\" data-id=\"8ba50ae\" data-element_type=\"section\" data-e-type=\"section\">\n\t\t\t\t\t\t<div class=\"elementor-container elementor-column-gap-default\">\n\t\t\t\t\t<div class=\"elementor-column elementor-col-33 elementor-inner-column elementor-element elementor-element-c04a306\" data-id=\"c04a306\" data-element_type=\"column\" data-e-type=\"column\">\n\t\t\t<div class=\"elementor-widget-wrap\">\n\t\t\t\t\t\t\t<\/div>\n\t\t<\/div>\n\t\t\t\t<div class=\"elementor-column elementor-col-33 elementor-inner-column elementor-element elementor-element-d9eef2b\" data-id=\"d9eef2b\" data-element_type=\"column\" data-e-type=\"column\">\n\t\t\t<div class=\"elementor-widget-wrap elementor-element-populated\">\n\t\t\t\t\t\t<div class=\"elementor-element elementor-element-f1bad5b elementor-widget elementor-widget-text-editor\" data-id=\"f1bad5b\" data-element_type=\"widget\" data-e-type=\"widget\" data-widget_type=\"text-editor.default\">\n\t\t\t\t\t\t\t\t\t<div class=\"legal-section\" style=\"font-family: sans-serif; line-height: 1.6; color: #000; background: #fff; padding: 20px;\"><p class=\"translation-block\"><strong>1) Geltungsbereich<\/strong>\n<br>\n\nDiese Nutzungsbedingungen der Sonja Krautmacher, handelnd unter \u201eSonja\n\nKrautmacher\u201c (nachfolgend \u201eBetreiber\u201c) gelten f\u00fcr die Nutzung der vom Betreiber\n\nbetriebenen Website durch den Nutzer.\n\nDurch die Nutzung der Website erkl\u00e4rt sich der Nutzer mit diesen Nutzungsbedingungen\n\neinverstanden.<\/p><p><strong>2) Leistung des Betreibers<\/strong><\/p><p class=\"translation-block\"><strong>2.1<\/strong> Der Betreiber stellt die Website im gegenw\u00e4rtigen Zustand sowie auf der Grundlage\n\nder aktuellen Verf\u00fcgbarkeit bereit. Er schuldet weder eine bestimmte Qualit\u00e4t,\n\nKompatibilit\u00e4t, Sicherheit, einen bestimmten Funktionsumfang oder dass sich die\n\nWebsite f\u00fcr einen bestimmten Zweck eignet.\n<br>\n<strong>2.2<\/strong> Der Betreiber \u00fcbernimmt keine Gew\u00e4hr daf\u00fcr, dass die Website ununterbrochen\n\noder fehlerfrei funktioniert, dass Fehler beseitigt werden oder dass die Website oder die\n\nServer, \u00fcber die die Website zur Verf\u00fcgung gestellt wird, frei von Viren oder anderer\n\nsch\u00e4dlicher Software sind.\n<br>\n<strong>2.3<\/strong> Der Betreiber ist berechtigt, den Betrieb der Website jederzeit ganz oder teilweise\n\nzu ver\u00e4ndern oder einzustellen.<\/p><p class=\"translation-block\"><strong>3) Links auf Webseiten Dritter<\/strong>\n<br>\nDie Website des Betreibers kann Links auf andere Websites enthalten, die von Dritten\n\nbetrieben werden und auf deren Inhalt der Betreiber keinen Einfluss hat. Die\n\nBereitstellung dieser Links bedeutet nicht, dass der Betreiber diese Websites, die darauf\n\nenthaltenen Inhalte, deren Betreiber oder deren Praktiken billigt. Sollte der Betreiber\n\nfeststellen oder von Dritten darauf hingewiesen werden, dass die verlinkten Websites\n\nrechtswidrige Inhalte enthalten, wird er den Link zu der betreffenden Website\n\nunverz\u00fcglich entfernen.<\/p><p><strong>4) Nutzungsbeschr\u00e4nkungen<\/strong><\/p><p class=\"translation-block\">Der Nutzer darf die Website und ihre Inhalte nur zu rechtm\u00e4\u00dfigen Zwecken und gem\u00e4\u00df\n\ndiesen Nutzungsbedingungen nutzen.\n\nVerboten sind insbesondere folgende Verhaltensweisen:\n<br>\n- Jegliche Nutzung der Website in einer Weise, die die Website deaktivieren, \u00fcberlasten,\n\nsch\u00e4digen oder beeintr\u00e4chtigen k\u00f6nnte;\n<br>\n\n- Einsatz von Programmen oder sonstiger technischer Hilfsmittel zur Text- und\n\nDatengewinnung, \u00dcberwachung oder Vervielf\u00e4ltigung von Inhalten auf der Website;\n<br>\n\n- Einsatz von Programmen oder sonstiger technischer Hilfsmittel, die den ordnungsgem\u00e4\u00dfen Betrieb der Website st\u00f6ren;\n<br>\n\n- Einschleusen von Schadsoftware wie Viren, Trojaner oder W\u00fcrmer;\n<br>\n\n- Beeintr\u00e4chtigung der Website mit einem Denial-of-Service-Angriff oder einem\n\nDistributed-Denial-of-Service-Angriff;\n<br>\n\n- Jeglicher Versuch, zu Teilen der Website, zu dem Server, auf dem die Website\n\ngespeichert ist, oder einem mit der Website verbundenen Server, einer mit der Website\n\nverbundenen Datenbank oder einem mit der Website verbundenen Endger\u00e4t unbefugten\n\nZugang zu erhalten oder diesen zu st\u00f6ren.<\/p><p><strong>5) Einr\u00e4umung von Nutzungsrechten durch den Betreiber<\/strong><\/p><p class=\"translation-block\"><strong>5.1<\/strong> Der Betreiber r\u00e4umt dem Nutzer ein nicht ausschlie\u00dfliches, jederzeit widerrufliches\n\nRecht ein, die vom Betreiber betriebene Website im Rahmen dieser\n\nNutzungsbedingungen zu nutzen.\n<br>\n<strong>5.2<\/strong> Sofern und soweit sich aus den konkreten Umst\u00e4nden nichts anderes ergibt, ist es\n\nNutzern grunds\u00e4tzlich untersagt, Inhalte dieser Website ganz oder teilweise f\u00fcr eigene\n\ngesch\u00e4ftliche Zwecke zu vervielf\u00e4ltigen, \u00f6ffentlich zug\u00e4nglich zu machen oder an Dritte\n\nweiterzugeben.\n<br>\n<strong>5.3<\/strong> Die Nutzung von auf der Website befindlichen urheberrechtlich und\/oder\n\nmarkenrechtlich gesch\u00fctzten Inhalten wie Logos, Bilder, Videos oder Texte ist verboten,\n\nsofern der Betreiber der Nutzung nicht ausdr\u00fccklich zugestimmt hat. Davon\n\nausgenommen sind das Herunterladen, Kopieren und\/oder Ausdrucken von Seiten der\n\nWebsite zur ausschlie\u00dflich pers\u00f6nlichen und nicht kommerziellen Nutzung.\n<br>\n<strong>5.4<\/strong> Statistische Daten und\/oder sonstige Informationen au\u00dferhalb des gesetzlichen\n\nUrheberrechtes d\u00fcrfen ausschlie\u00dflich zu redaktionellen Zwecken unter Nennung des\n\nBetreibers als Quelle in angemessenem Rahmen verwendet werden.<\/p><p><strong>6) Rechtsfolgen bei unzul\u00e4ssiger Nutzung<\/strong><\/p><p class=\"translation-block\">Der Betreiber beh\u00e4lt sich das Recht vor, dem Nutzer den Zugriff auf die Website\n\nvor\u00fcbergehend oder dauerhaft zu untersagen, wenn der Nutzer gegen geltendes Recht\n\noder gegen diese Nutzungsbedingungen verst\u00f6\u00dft. Die Geltendmachung sonstiger\n\nRechte, insbesondere die Geltendmachung von Schadensersatz, bleibt hiervon\n\nunber\u00fchrt.\n<br><br>\n<b>7) Haftung des Betreibers<\/b><\/p><p class=\"translation-block\">Der Betreiber haftet dem Nutzer aus allen vertraglichen, vertrags\u00e4hnlichen und\n\ngesetzlichen, auch deliktischen Anspr\u00fcchen auf Schadens- und Aufwendungsersatz wie\n\nfolgt:\n<br>\n<strong>7.1<\/strong> Der Betreiber haftet aus jedem Rechtsgrund uneingeschr\u00e4nkt\n\n- bei Vorsatz oder grober Fahrl\u00e4ssigkeit, - bei vors\u00e4tzlicher oder fahrl\u00e4ssiger Verletzung des Lebens, des K\u00f6rpers oder der\n\nGesundheit,\n\n- aufgrund eines Garantieversprechens, soweit diesbez\u00fcglich nichts anderes geregelt ist,\n\n- aufgrund zwingender Haftung wie etwa nach dem Produkthaftungsgesetz.\n<br>\n<strong>7.2<\/strong> Verletzt der Betreiber fahrl\u00e4ssig eine wesentliche Vertragspflicht, ist die Haftung auf\n\nden vertragstypischen, vorhersehbaren Schaden begrenzt, sofern nicht gem\u00e4\u00df\n\nvorstehender Ziffer unbeschr\u00e4nkt gehaftet wird. Wesentliche Vertragspflichten sind\n\nPflichten, die der Vertrag dem Betreiber nach seinem Inhalt zur Erreichung des\n\nVertragszwecks auferlegt, deren Erf\u00fcllung die ordnungsgem\u00e4\u00dfe Durchf\u00fchrung des\n\nVertrags \u00fcberhaupt erst erm\u00f6glicht und auf deren Einhaltung der Nutzer regelm\u00e4\u00dfig\n\nvertrauen darf.\n<br>\n<strong>7.3<\/strong> Im \u00dcbrigen ist eine Haftung des Betreibers ausgeschlossen.\n<br>\n<strong>7.4<\/strong> Vorstehende Haftungsregelungen gelten auch im Hinblick auf die Haftung des\n\nBetreibers f\u00fcr seine Erf\u00fcllungsgehilfen und gesetzlichen Vertreter.<\/p><p class=\"translation-block\"><strong>8) \u00c4nderung der Nutzungsbedingungen<\/strong>\n<br>\nDer Betreiber beh\u00e4lt sich vor, diese Nutzungsbedingungen jederzeit zu \u00e4ndern.\n\n\u00c4nderungen werden bekanntgegeben, indem die ge\u00e4nderte Version der\n\nNutzungsbedingungen auf der Website des Betreibers ver\u00f6ffentlicht wird. Der Nutzer\n\nerkl\u00e4rt sich mit den \u00c4nderungen einverstanden, indem er die Website nach der\n\nBekanntgabe der \u00c4nderungen weiterhin nutzt.<\/p><p class=\"translation-block\"><strong>9) Anwendbares Recht<\/strong>\n<br>\nF\u00fcr s\u00e4mtliche Rechtsbeziehungen der Parteien gilt das Recht der Bundesrepublik\n\nDeutschland. Bei Verbrauchern gilt diese Rechtswahl nur insoweit, als nicht der\n\ngew\u00e4hrte Schutz durch zwingende Bestimmungen des Rechts des Staates, in dem der\n\nVerbraucher seinen gew\u00f6hnlichen Aufenthalt hat, entzogen wird.<\/p><p class=\"translation-block\"><strong>10) Gerichtsstand<\/strong>\n<br>\nHandelt der Nutzer als Kaufmann, juristische Person des \u00f6ffentlichen Rechts oder\n\n\u00f6ffentlich-rechtliches Sonderverm\u00f6gen mit Sitz im Hoheitsgebiet der Bundesrepublik\n\nDeutschland, ist ausschlie\u00dflicher Gerichtsstand f\u00fcr alle Streitigkeiten aus diesem Vertrag\n\nder Gesch\u00e4ftssitz des Betreibers. Hat der Nutzer seinen Sitz au\u00dferhalb des\n\nHoheitsgebiets der Bundesrepublik Deutschland, so ist der Gesch\u00e4ftssitz des Betreibers\n\nausschlie\u00dflicher Gerichtsstand f\u00fcr alle Streitigkeiten aus diesem Vertrag, wenn der\n\nVertrag oder Anspr\u00fcche aus dem Vertrag der beruflichen oder gewerblichen T\u00e4tigkeit\n\ndes Nutzers zugerechnet werden k\u00f6nnen. Der Betreiber ist in den vorstehenden F\u00e4llen\n\njedoch in jedem Fall berechtigt, das Gericht am Sitz des Nutzers anzurufen.\n\n\n\n<\/div><\/p><\/div>\t\t\t\t\t\t\t\t<\/div>\n\t\t\t\t\t<\/div>\n\t\t<\/div>\n\t\t\t\t<div class=\"elementor-column elementor-col-33 elementor-inner-column elementor-element elementor-element-b3ba4b6\" data-id=\"b3ba4b6\" data-element_type=\"column\" data-e-type=\"column\">\n\t\t\t<div class=\"elementor-widget-wrap\">\n\t\t\t\t\t\t\t<\/div>\n\t\t<\/div>\n\t\t\t\t\t<\/div>\n\t\t<\/section>\n\t\t\t\t\t<\/div>\n\t\t<\/div>\n\t\t\t\t\t<\/div>\n\t\t<\/section>\n\t\t\t\t<\/div>","protected":false},"excerpt":{"rendered":"<p>Terms of Use 1) Scope of ApplicationThese Terms of Use of Sonja Krautmacher, acting under &#8220;SonjaKrautmacher&#8221; (hereinafter &#8220;Operator&#8221;) apply to the use of the website operated by the Operatorby the user.By using the website, the user agrees to these Terms of Use. 2) Services of the Operator 2.1 The Operator provides the website in its [&hellip;]<\/p>\n","protected":false},"author":1,"featured_media":0,"parent":0,"menu_order":0,"comment_status":"closed","ping_status":"closed","template":"","meta":{"footnotes":""},"class_list":["post-341","page","type-page","status-publish","hentry"],"_links":{"self":[{"href":"https:\/\/provideseu.com\/de\/wp-json\/wp\/v2\/pages\/341","targetHints":{"allow":["GET"]}}],"collection":[{"href":"https:\/\/provideseu.com\/de\/wp-json\/wp\/v2\/pages"}],"about":[{"href":"https:\/\/provideseu.com\/de\/wp-json\/wp\/v2\/types\/page"}],"author":[{"embeddable":true,"href":"https:\/\/provideseu.com\/de\/wp-json\/wp\/v2\/users\/1"}],"replies":[{"embeddable":true,"href":"https:\/\/provideseu.com\/de\/wp-json\/wp\/v2\/comments?post=341"}],"version-history":[{"count":8,"href":"https:\/\/provideseu.com\/de\/wp-json\/wp\/v2\/pages\/341\/revisions"}],"predecessor-version":[{"id":355,"href":"https:\/\/provideseu.com\/de\/wp-json\/wp\/v2\/pages\/341\/revisions\/355"}],"wp:attachment":[{"href":"https:\/\/provideseu.com\/de\/wp-json\/wp\/v2\/media?parent=341"}],"curies":[{"name":"wp","href":"https:\/\/api.w.org\/{rel}","templated":true}]}}